{"id":109,"date":"2017-07-19T21:05:04","date_gmt":"2017-07-19T21:05:04","guid":{"rendered":"http:\/\/www.cdqcastelverde.it\/?page_id=109"},"modified":"2025-02-02T22:18:36","modified_gmt":"2025-02-02T20:18:36","slug":"network-commercianti","status":"publish","type":"page","link":"https:\/\/cdqcastelverde.it\/?page_id=109","title":{"rendered":"NETWORK COMMERCIANTI ED IMPRESE"},"content":{"rendered":"\t\t<div data-elementor-type=\"wp-page\" data-elementor-id=\"109\" class=\"elementor elementor-109\">\n\t\t\t\t<div class=\"elementor-element elementor-element-cf134c2 e-flex e-con-boxed e-con e-parent\" data-id=\"cf134c2\" data-element_type=\"container\" data-e-type=\"container\">\n\t\t\t\t\t<div class=\"e-con-inner\">\n\t\t\t\t<div class=\"elementor-element elementor-element-5d1edc9 elementor-widget elementor-widget-heading\" data-id=\"5d1edc9\" data-element_type=\"widget\" data-e-type=\"widget\" data-widget_type=\"heading.default\">\n\t\t\t\t<div class=\"elementor-widget-container\">\n\t\t\t\t\t<h2 class=\"elementor-heading-title elementor-size-default\">Benvenuti nella pagina dedicata ai commercianti, negozi e imprese di Castelverde, il cuore della nostra comunit\u00e0 locale!<\/h2>\t\t\t\t<\/div>\n\t\t\t\t<\/div>\n\t\t\t\t\t<\/div>\n\t\t\t\t<\/div>\n\t\t<div class=\"elementor-element elementor-element-5b3b228 e-flex e-con-boxed e-con e-parent\" data-id=\"5b3b228\" data-element_type=\"container\" data-e-type=\"container\">\n\t\t\t\t\t<div class=\"e-con-inner\">\n\t\t\t\t<div class=\"elementor-element elementor-element-c31ba8c elementor-widget elementor-widget-text-editor\" data-id=\"c31ba8c\" data-element_type=\"widget\" data-e-type=\"widget\" data-widget_type=\"text-editor.default\">\n\t\t\t\t<div class=\"elementor-widget-container\">\n\t\t\t\t\t\t\t\t\t<p><strong>Perch\u00e9 Questo Progetto?<\/strong><\/p>\n<p>L\u2019obiettivo di questa iniziativa \u00e8 dare visibilit\u00e0 alle attivit\u00e0 commerciali e ai professionisti della zona, facilitando il contatto tra esercenti e cittadini. Castelverde \u00e8 un quartiere ricco di negozi, artigiani, ristoranti e servizi che meritano di essere conosciuti e valorizzati.<\/p>\n<p><strong>Con questa piattaforma vogliamo:<\/strong><br \/>\u2705 Creare un elenco aggiornato delle attivit\u00e0 locali<br \/>\u2705 Facilitare la ricerca di negozi, ristoranti e servizi nel quartiere<br \/>\u2705 Sostenere il commercio locale e rafforzare la comunit\u00e0<\/p>\n<p><strong>Sei un Commerciante o Imprenditore? Aggiungi la Tua Attivit\u00e0!<\/strong><\/p>\n<p>Se hai un negozio, un\u2019attivit\u00e0 o offri servizi a Castelverde, puoi registrarti gratuitamente compilando il modulo sottostante. Inserisci i tuoi dati e il tuo negozio sar\u00e0 visibile all\u2019interno della nostra directory locale!<\/p>\n<p><strong>Come Funziona?<\/strong><\/p>\n<p>1\ufe0f\u20e3 Compila il modulo con il nome dell\u2019attivit\u00e0, l\u2019indirizzo, i contatti e una breve descrizione.<br \/>2\ufe0f\u20e3 Dopo la verifica, il tuo negozio verr\u00e0 aggiunto all\u2019elenco.<br \/>3\ufe0f\u20e3 La tua attivit\u00e0 sar\u00e0 visibile ai cittadini, che potranno contattarti direttamente!<\/p>\n<p><strong>Unisciti a Noi!<\/strong><\/p>\n<p>Aiutaci a rendere Castelverde un quartiere pi\u00f9 connesso e vivo! Condividi questa pagina con altri commercianti e cittadini per far conoscere il progetto.<\/p>\n<p>\ud83d\udce9 Per maggiori informazioni, contattaci a: cdqcastelverderoma@gmail.com<\/p>\t\t\t\t\t\t\t\t<\/div>\n\t\t\t\t<\/div>\n\t\t\t\t\t<\/div>\n\t\t\t\t<\/div>\n\t\t<div class=\"elementor-element elementor-element-c598591 e-flex e-con-boxed e-con e-parent\" data-id=\"c598591\" data-element_type=\"container\" data-e-type=\"container\">\n\t\t\t\t\t<div class=\"e-con-inner\">\n\t\t\t\t<div class=\"elementor-element elementor-element-e4e9708 elementor-widget elementor-widget-wpforms\" data-id=\"e4e9708\" data-element_type=\"widget\" data-e-type=\"widget\" data-widget_type=\"wpforms.default\">\n\t\t\t\t<div class=\"elementor-widget-container\">\n\t\t\t\t\t<style id=\"wpforms-css-vars-elementor-widget-e4e9708\">\n\t\t\t\t.elementor-widget-wpforms.elementor-element-e4e9708 {\n\t\t\t\t--wpforms-field-size-input-height: 43px;\n--wpforms-field-size-input-spacing: 15px;\n--wpforms-field-size-font-size: 16px;\n--wpforms-field-size-line-height: 19px;\n--wpforms-field-size-padding-h: 14px;\n--wpforms-field-size-checkbox-size: 16px;\n--wpforms-field-size-sublabel-spacing: 5px;\n--wpforms-field-size-icon-size: 1;\n--wpforms-label-size-font-size: 16px;\n--wpforms-label-size-line-height: 19px;\n--wpforms-label-size-sublabel-font-size: 14px;\n--wpforms-label-size-sublabel-line-height: 17px;\n--wpforms-button-size-font-size: 17px;\n--wpforms-button-size-height: 41px;\n--wpforms-button-size-padding-h: 15px;\n--wpforms-button-size-margin-top: 10px;\n\n\t\t\t}\n\t\t\t<\/style><div class=\"wpforms-container wpforms-container-full wpforms-render-modern\" id=\"wpforms-5998\"><form id=\"wpforms-form-5998\" class=\"wpforms-validate wpforms-form wpforms-ajax-form\" data-formid=\"5998\" method=\"post\" enctype=\"multipart\/form-data\" action=\"\/index.php?rest_route=%2Fwp%2Fv2%2Fpages%2F109\" data-token=\"781f1f504e05bd3b6f05ab24b531cd81\" data-token-time=\"1778790332\"><noscript class=\"wpforms-error-noscript\">Abilita JavaScript nel browser per completare questo modulo.<\/noscript><div class=\"wpforms-hidden\" id=\"wpforms-error-noscript\">Abilita JavaScript nel browser per completare questo modulo.<\/div><div class=\"wpforms-field-container\"><div id=\"wpforms-5998-field_1-container\" class=\"wpforms-field wpforms-field-text\" data-field-id=\"1\"><label class=\"wpforms-field-label\" for=\"wpforms-5998-field_1\">NOME DELL&#039;ATTIVIT\u00c0&#039; <span class=\"wpforms-required-label\" aria-hidden=\"true\">*<\/span><\/label><input type=\"text\" id=\"wpforms-5998-field_1\" class=\"wpforms-field-medium wpforms-field-required\" name=\"wpforms[fields][1]\" aria-errormessage=\"wpforms-5998-field_1-error\" aria-describedby=\"wpforms-5998-field_1-description\" required><div id=\"wpforms-5998-field_1-description\" class=\"wpforms-field-description\">INSERISCI NOME ATTIVITA'<\/div><\/div><div id=\"wpforms-5998-field_2-container\" class=\"wpforms-field wpforms-field-select wpforms-field-select-style-classic\" data-field-id=\"2\"><label class=\"wpforms-field-label\" for=\"wpforms-5998-field_2\">CATEGORIA <span class=\"wpforms-required-label\" aria-hidden=\"true\">*<\/span><\/label><select id=\"wpforms-5998-field_2\" class=\"wpforms-field-medium wpforms-field-required\" name=\"wpforms[fields][2]\" required=\"required\"><option value=\"ALIMENTARI\" >ALIMENTARI<\/option><option value=\"ABBIGLIAMENTO\" >ABBIGLIAMENTO<\/option><option value=\"CASA E TECNOLOGIA\" >CASA E TECNOLOGIA<\/option><option value=\"SALUTE E FARMACIE\" >SALUTE E FARMACIE<\/option><option value=\"RISTORANTI E PIZZERIE\" >RISTORANTI E PIZZERIE<\/option><option value=\"BAR E GELATERIE\" >BAR E GELATERIE<\/option><option value=\"ESTETICA E PARRUCCHIERI\" >ESTETICA E PARRUCCHIERI<\/option><option value=\"PALESTRE E SPORT\" >PALESTRE E SPORT<\/option><option value=\"RIPARAZIONI E ARTIGIANI\" >RIPARAZIONI E ARTIGIANI<\/option><option value=\"GIARDINAGGIO, PIANTE E FIORI\" >GIARDINAGGIO, PIANTE E FIORI<\/option><option value=\"OFFICINE E CARROZZERIE\" >OFFICINE E CARROZZERIE<\/option><option value=\"AUTOSCUOLE E NOLEGGIO\" >AUTOSCUOLE E NOLEGGIO<\/option><option value=\"SCUOLE E CORSI\" >SCUOLE E CORSI<\/option><option value=\"PROFESSIONISTI, IMPRESA\" >PROFESSIONISTI, IMPRESA<\/option><option value=\"ALTRO\" >ALTRO<\/option><\/select><div id=\"wpforms-5998-field_2-description\" class=\"wpforms-field-description\">SE NON E' PRESENTE CATEGORIA SELEZIONARE ALTRO ED SPECIFICARE NELLE NOTE<\/div><\/div><div id=\"wpforms-5998-field_6-container\" class=\"wpforms-field wpforms-field-text\" data-field-id=\"6\"><label class=\"wpforms-field-label\" for=\"wpforms-5998-field_6\">NOTE<\/label><input type=\"text\" id=\"wpforms-5998-field_6\" class=\"wpforms-field-medium\" name=\"wpforms[fields][6]\" aria-errormessage=\"wpforms-5998-field_6-error\" aria-describedby=\"wpforms-5998-field_6-description\" ><div id=\"wpforms-5998-field_6-description\" class=\"wpforms-field-description\">INSERIRE CATEGORIA DELLA TUA ATTIVITA'<\/div><\/div><div id=\"wpforms-5998-field_7-container\" class=\"wpforms-field wpforms-field-text\" data-field-id=\"7\"><label class=\"wpforms-field-label\" for=\"wpforms-5998-field_7\">INDIRIZZO  <span class=\"wpforms-required-label\" aria-hidden=\"true\">*<\/span><\/label><input type=\"text\" id=\"wpforms-5998-field_7\" class=\"wpforms-field-medium wpforms-field-required\" name=\"wpforms[fields][7]\" aria-errormessage=\"wpforms-5998-field_7-error\" aria-describedby=\"wpforms-5998-field_7-description\" required><div id=\"wpforms-5998-field_7-description\" class=\"wpforms-field-description\">INSERIRE INDIRIZZO DELL'ATTIVIT\u00c0'<\/div><\/div><div id=\"wpforms-5998-field_5-container\" class=\"wpforms-field wpforms-field-email\" data-field-id=\"5\"><fieldset><legend class=\"wpforms-field-label\">Email <span class=\"wpforms-required-label\" aria-hidden=\"true\">*<\/span><\/legend><div class=\"wpforms-field-row wpforms-field-medium\"><div class=\"wpforms-field-row-block wpforms-one-half wpforms-first\"><input type=\"email\" id=\"wpforms-5998-field_5\" class=\"wpforms-field-required wpforms-field-email-primary\" name=\"wpforms[fields][5][primary]\" spellcheck=\"false\" aria-errormessage=\"wpforms-5998-field_5-error\" aria-describedby=\"wpforms-5998-field_5-description\" required><label for=\"wpforms-5998-field_5\" class=\"wpforms-field-sublabel after\">Email<\/label><\/div><div class=\"wpforms-field-row-block wpforms-one-half\"><input type=\"email\" id=\"wpforms-5998-field_5-secondary\" class=\"wpforms-field-email-secondary wpforms-field-required\" data-rule-confirm=\"#wpforms-5998-field_5\" name=\"wpforms[fields][5][secondary]\" spellcheck=\"false\" aria-errormessage=\"wpforms-5998-field_5-secondary-error\" aria-describedby=\"wpforms-5998-field_5-description\" required><label for=\"wpforms-5998-field_5-secondary\" class=\"wpforms-field-sublabel after\">Conferma email<\/label><\/div><\/div><div id=\"wpforms-5998-field_5-description\" class=\"wpforms-field-description\">INSERIRE MAIL DEL NEGOZIO O IMPRESA DOVE POTREMMO INVIARE COMUNICAZIONI<\/div><\/fieldset><\/div><div id=\"wpforms-5998-field_8-container\" class=\"wpforms-field wpforms-field-text\" data-field-id=\"8\"><label class=\"wpforms-field-label\" for=\"wpforms-5998-field_8\">SITO WEB<\/label><input type=\"text\" id=\"wpforms-5998-field_8\" class=\"wpforms-field-medium\" name=\"wpforms[fields][8]\" aria-errormessage=\"wpforms-5998-field_8-error\" aria-describedby=\"wpforms-5998-field_8-description\" ><div id=\"wpforms-5998-field_8-description\" class=\"wpforms-field-description\">INSERISCI SITO WEB O LINK SITO<\/div><\/div><div id=\"wpforms-5998-field_9-container\" class=\"wpforms-field wpforms-field-text\" data-field-id=\"9\"><label class=\"wpforms-field-label\" for=\"wpforms-5998-field_9\">SOCIAL MEDIA<\/label><input type=\"text\" id=\"wpforms-5998-field_9\" class=\"wpforms-field-medium\" name=\"wpforms[fields][9]\" aria-errormessage=\"wpforms-5998-field_9-error\" aria-describedby=\"wpforms-5998-field_9-description\" ><div id=\"wpforms-5998-field_9-description\" class=\"wpforms-field-description\">INSERISCI PAGINA FACEBOOK, ISTAGRAM O LINK<\/div><\/div><div id=\"wpforms-5998-field_10-container\" class=\"wpforms-field wpforms-field-textarea\" data-field-id=\"10\"><label class=\"wpforms-field-label\" for=\"wpforms-5998-field_10\">DESCRIZIONE ATTIVIT\u00c0&#039; <span class=\"wpforms-required-label\" aria-hidden=\"true\">*<\/span><\/label><textarea id=\"wpforms-5998-field_10\" class=\"wpforms-field-medium wpforms-field-required\" name=\"wpforms[fields][10]\" aria-errormessage=\"wpforms-5998-field_10-error\" required><\/textarea><\/div><div id=\"wpforms-5998-field_13-container\" class=\"wpforms-field wpforms-field-checkbox\" data-field-id=\"13\"><fieldset><legend class=\"wpforms-field-label\">CONSENSO PRIVACY <span class=\"wpforms-required-label\" aria-hidden=\"true\">*<\/span><\/legend><ul id=\"wpforms-5998-field_13\" class=\"wpforms-field-required\"><li class=\"choice-1 depth-1\"><input type=\"checkbox\" id=\"wpforms-5998-field_13_1\" name=\"wpforms[fields][13][]\" value=\"Autorizzo il trattamento dei mie dati personali ai sensi del Regolamento UE2016\/679 (GDPR)\" aria-errormessage=\"wpforms-5998-field_13_1-error\" required ><label class=\"wpforms-field-label-inline\" for=\"wpforms-5998-field_13_1\">Autorizzo il trattamento dei mie dati personali ai sensi del Regolamento UE2016\/679 (GDPR)<\/label><\/li><\/ul><\/fieldset><\/div><\/div><!-- .wpforms-field-container --><div class=\"wpforms-submit-container\" ><input type=\"hidden\" name=\"wpforms[id]\" value=\"5998\"><input type=\"hidden\" name=\"page_title\" value=\"\"><input type=\"hidden\" name=\"page_url\" value=\"https:\/\/cdqcastelverde.it\/index.php?rest_route=\/wp\/v2\/pages\/109\"><input type=\"hidden\" name=\"url_referer\" value=\"\"><button type=\"submit\" name=\"wpforms[submit]\" id=\"wpforms-submit-5998\" class=\"wpforms-submit\" data-alt-text=\"Invio in corso...\" data-submit-text=\"Invia\" aria-live=\"assertive\" value=\"wpforms-submit\">Invia<\/button><img decoding=\"async\" src=\"https:\/\/cdqcastelverde.it\/wp-content\/plugins\/wpforms-lite\/assets\/images\/submit-spin.svg\" class=\"wpforms-submit-spinner\" style=\"display: none;\" width=\"26\" height=\"26\" alt=\"Caricamento\"><\/div><\/form><\/div>  <!-- .wpforms-container -->\t\t\t\t<\/div>\n\t\t\t\t<\/div>\n\t\t\t\t\t<\/div>\n\t\t\t\t<\/div>\n\t\t\t\t<\/div>\n\t\t","protected":false},"excerpt":{"rendered":"<p>Benvenuti nella pagina dedicata ai commercianti, negozi e imprese di Castelverde, il cuore della nostra comunit\u00e0 locale! Perch\u00e9 Questo Progetto? L\u2019obiettivo di questa iniziativa \u00e8 dare visibilit\u00e0 alle attivit\u00e0 commerciali e ai professionisti della zona, facilitando il contatto tra esercenti e cittadini. Castelverde \u00e8 un quartiere ricco di negozi, artigiani, ristoranti e servizi che meritano [&hellip;]<\/p>\n","protected":false},"author":6,"featured_media":0,"parent":0,"menu_order":0,"comment_status":"closed","ping_status":"closed","template":"","meta":{"footnotes":""},"class_list":["post-109","page","type-page","status-publish","hentry","entry"],"yoast_head":"<!-- This site is optimized with the Yoast SEO plugin v27.6 - https:\/\/yoast.com\/product\/yoast-seo-wordpress\/ -->\n<title>NETWORK COMMERCIANTI ED IMPRESE - Comitato di Quartiere di Castelverde Roma<\/title>\n<meta name=\"robots\" content=\"index, follow, max-snippet:-1, max-image-preview:large, max-video-preview:-1\" \/>\n<link rel=\"canonical\" href=\"https:\/\/cdqcastelverde.it\/?page_id=109\" \/>\n<meta property=\"og:locale\" content=\"it_IT\" \/>\n<meta property=\"og:type\" content=\"article\" \/>\n<meta property=\"og:title\" content=\"NETWORK COMMERCIANTI ED IMPRESE - Comitato di Quartiere di Castelverde Roma\" \/>\n<meta property=\"og:description\" content=\"Benvenuti nella pagina dedicata ai commercianti, negozi e imprese di Castelverde, il cuore della nostra comunit\u00e0 locale! Perch\u00e9 Questo Progetto? L\u2019obiettivo di questa iniziativa \u00e8 dare visibilit\u00e0 alle attivit\u00e0 commerciali e ai professionisti della zona, facilitando il contatto tra esercenti e cittadini. Castelverde \u00e8 un quartiere ricco di negozi, artigiani, ristoranti e servizi che meritano [&hellip;]\" \/>\n<meta property=\"og:url\" content=\"https:\/\/cdqcastelverde.it\/?page_id=109\" \/>\n<meta property=\"og:site_name\" content=\"Comitato di Quartiere di Castelverde Roma\" \/>\n<meta property=\"article:publisher\" content=\"https:\/\/www.facebook.com\/cdqcastelverderoma\/\" \/>\n<meta property=\"article:modified_time\" content=\"2025-02-02T20:18:36+00:00\" \/>\n<meta property=\"og:image\" content=\"https:\/\/cdqcastelverde.it\/wp-content\/plugins\/wpforms-lite\/assets\/images\/submit-spin.svg\" \/>\n<meta name=\"twitter:card\" content=\"summary_large_image\" \/>\n<meta name=\"twitter:label1\" content=\"Tempo di lettura stimato\" \/>\n\t<meta name=\"twitter:data1\" content=\"2 minuti\" \/>\n<script type=\"application\/ld+json\" class=\"yoast-schema-graph\">{\"@context\":\"https:\\\/\\\/schema.org\",\"@graph\":[{\"@type\":\"WebPage\",\"@id\":\"https:\\\/\\\/cdqcastelverde.it\\\/?page_id=109\",\"url\":\"https:\\\/\\\/cdqcastelverde.it\\\/?page_id=109\",\"name\":\"NETWORK COMMERCIANTI ED IMPRESE - Comitato di Quartiere di Castelverde Roma\",\"isPartOf\":{\"@id\":\"https:\\\/\\\/cdqcastelverde.it\\\/#website\"},\"primaryImageOfPage\":{\"@id\":\"https:\\\/\\\/cdqcastelverde.it\\\/?page_id=109#primaryimage\"},\"image\":{\"@id\":\"https:\\\/\\\/cdqcastelverde.it\\\/?page_id=109#primaryimage\"},\"thumbnailUrl\":\"https:\\\/\\\/cdqcastelverde.it\\\/wp-content\\\/plugins\\\/wpforms-lite\\\/assets\\\/images\\\/submit-spin.svg\",\"datePublished\":\"2017-07-19T21:05:04+00:00\",\"dateModified\":\"2025-02-02T20:18:36+00:00\",\"breadcrumb\":{\"@id\":\"https:\\\/\\\/cdqcastelverde.it\\\/?page_id=109#breadcrumb\"},\"inLanguage\":\"it-IT\",\"potentialAction\":[{\"@type\":\"ReadAction\",\"target\":[\"https:\\\/\\\/cdqcastelverde.it\\\/?page_id=109\"]}]},{\"@type\":\"ImageObject\",\"inLanguage\":\"it-IT\",\"@id\":\"https:\\\/\\\/cdqcastelverde.it\\\/?page_id=109#primaryimage\",\"url\":\"https:\\\/\\\/cdqcastelverde.it\\\/wp-content\\\/plugins\\\/wpforms-lite\\\/assets\\\/images\\\/submit-spin.svg\",\"contentUrl\":\"https:\\\/\\\/cdqcastelverde.it\\\/wp-content\\\/plugins\\\/wpforms-lite\\\/assets\\\/images\\\/submit-spin.svg\"},{\"@type\":\"BreadcrumbList\",\"@id\":\"https:\\\/\\\/cdqcastelverde.it\\\/?page_id=109#breadcrumb\",\"itemListElement\":[{\"@type\":\"ListItem\",\"position\":1,\"name\":\"Home\",\"item\":\"https:\\\/\\\/cdqcastelverde.it\\\/\"},{\"@type\":\"ListItem\",\"position\":2,\"name\":\"NETWORK COMMERCIANTI ED IMPRESE\"}]},{\"@type\":\"WebSite\",\"@id\":\"https:\\\/\\\/cdqcastelverde.it\\\/#website\",\"url\":\"https:\\\/\\\/cdqcastelverde.it\\\/\",\"name\":\"Comitato di quartiere (CdQ) Castelverde di Roma\",\"description\":\"\",\"publisher\":{\"@id\":\"https:\\\/\\\/cdqcastelverde.it\\\/#organization\"},\"potentialAction\":[{\"@type\":\"SearchAction\",\"target\":{\"@type\":\"EntryPoint\",\"urlTemplate\":\"https:\\\/\\\/cdqcastelverde.it\\\/?s={search_term_string}\"},\"query-input\":{\"@type\":\"PropertyValueSpecification\",\"valueRequired\":true,\"valueName\":\"search_term_string\"}}],\"inLanguage\":\"it-IT\"},{\"@type\":\"Organization\",\"@id\":\"https:\\\/\\\/cdqcastelverde.it\\\/#organization\",\"name\":\"cdq castelverde roma\",\"url\":\"https:\\\/\\\/cdqcastelverde.it\\\/\",\"logo\":{\"@type\":\"ImageObject\",\"inLanguage\":\"it-IT\",\"@id\":\"https:\\\/\\\/cdqcastelverde.it\\\/#\\\/schema\\\/logo\\\/image\\\/\",\"url\":\"https:\\\/\\\/www.cdqcastelverde.it\\\/wp-content\\\/uploads\\\/2017\\\/07\\\/logo-CDQ-e1504097935418.jpg\",\"contentUrl\":\"https:\\\/\\\/www.cdqcastelverde.it\\\/wp-content\\\/uploads\\\/2017\\\/07\\\/logo-CDQ-e1504097935418.jpg\",\"width\":600,\"height\":95,\"caption\":\"cdq castelverde roma\"},\"image\":{\"@id\":\"https:\\\/\\\/cdqcastelverde.it\\\/#\\\/schema\\\/logo\\\/image\\\/\"},\"sameAs\":[\"https:\\\/\\\/www.facebook.com\\\/cdqcastelverderoma\\\/\"]}]}<\/script>\n<!-- \/ Yoast SEO plugin. -->","yoast_head_json":{"title":"NETWORK COMMERCIANTI ED IMPRESE - Comitato di Quartiere di Castelverde Roma","robots":{"index":"index","follow":"follow","max-snippet":"max-snippet:-1","max-image-preview":"max-image-preview:large","max-video-preview":"max-video-preview:-1"},"canonical":"https:\/\/cdqcastelverde.it\/?page_id=109","og_locale":"it_IT","og_type":"article","og_title":"NETWORK COMMERCIANTI ED IMPRESE - Comitato di Quartiere di Castelverde Roma","og_description":"Benvenuti nella pagina dedicata ai commercianti, negozi e imprese di Castelverde, il cuore della nostra comunit\u00e0 locale! Perch\u00e9 Questo Progetto? L\u2019obiettivo di questa iniziativa \u00e8 dare visibilit\u00e0 alle attivit\u00e0 commerciali e ai professionisti della zona, facilitando il contatto tra esercenti e cittadini. Castelverde \u00e8 un quartiere ricco di negozi, artigiani, ristoranti e servizi che meritano [&hellip;]","og_url":"https:\/\/cdqcastelverde.it\/?page_id=109","og_site_name":"Comitato di Quartiere di Castelverde Roma","article_publisher":"https:\/\/www.facebook.com\/cdqcastelverderoma\/","article_modified_time":"2025-02-02T20:18:36+00:00","og_image":[{"url":"https:\/\/cdqcastelverde.it\/wp-content\/plugins\/wpforms-lite\/assets\/images\/submit-spin.svg","type":"","width":"","height":""}],"twitter_card":"summary_large_image","twitter_misc":{"Tempo di lettura stimato":"2 minuti"},"schema":{"@context":"https:\/\/schema.org","@graph":[{"@type":"WebPage","@id":"https:\/\/cdqcastelverde.it\/?page_id=109","url":"https:\/\/cdqcastelverde.it\/?page_id=109","name":"NETWORK COMMERCIANTI ED IMPRESE - Comitato di Quartiere di Castelverde Roma","isPartOf":{"@id":"https:\/\/cdqcastelverde.it\/#website"},"primaryImageOfPage":{"@id":"https:\/\/cdqcastelverde.it\/?page_id=109#primaryimage"},"image":{"@id":"https:\/\/cdqcastelverde.it\/?page_id=109#primaryimage"},"thumbnailUrl":"https:\/\/cdqcastelverde.it\/wp-content\/plugins\/wpforms-lite\/assets\/images\/submit-spin.svg","datePublished":"2017-07-19T21:05:04+00:00","dateModified":"2025-02-02T20:18:36+00:00","breadcrumb":{"@id":"https:\/\/cdqcastelverde.it\/?page_id=109#breadcrumb"},"inLanguage":"it-IT","potentialAction":[{"@type":"ReadAction","target":["https:\/\/cdqcastelverde.it\/?page_id=109"]}]},{"@type":"ImageObject","inLanguage":"it-IT","@id":"https:\/\/cdqcastelverde.it\/?page_id=109#primaryimage","url":"https:\/\/cdqcastelverde.it\/wp-content\/plugins\/wpforms-lite\/assets\/images\/submit-spin.svg","contentUrl":"https:\/\/cdqcastelverde.it\/wp-content\/plugins\/wpforms-lite\/assets\/images\/submit-spin.svg"},{"@type":"BreadcrumbList","@id":"https:\/\/cdqcastelverde.it\/?page_id=109#breadcrumb","itemListElement":[{"@type":"ListItem","position":1,"name":"Home","item":"https:\/\/cdqcastelverde.it\/"},{"@type":"ListItem","position":2,"name":"NETWORK COMMERCIANTI ED IMPRESE"}]},{"@type":"WebSite","@id":"https:\/\/cdqcastelverde.it\/#website","url":"https:\/\/cdqcastelverde.it\/","name":"Comitato di quartiere (CdQ) Castelverde di Roma","description":"","publisher":{"@id":"https:\/\/cdqcastelverde.it\/#organization"},"potentialAction":[{"@type":"SearchAction","target":{"@type":"EntryPoint","urlTemplate":"https:\/\/cdqcastelverde.it\/?s={search_term_string}"},"query-input":{"@type":"PropertyValueSpecification","valueRequired":true,"valueName":"search_term_string"}}],"inLanguage":"it-IT"},{"@type":"Organization","@id":"https:\/\/cdqcastelverde.it\/#organization","name":"cdq castelverde roma","url":"https:\/\/cdqcastelverde.it\/","logo":{"@type":"ImageObject","inLanguage":"it-IT","@id":"https:\/\/cdqcastelverde.it\/#\/schema\/logo\/image\/","url":"https:\/\/www.cdqcastelverde.it\/wp-content\/uploads\/2017\/07\/logo-CDQ-e1504097935418.jpg","contentUrl":"https:\/\/www.cdqcastelverde.it\/wp-content\/uploads\/2017\/07\/logo-CDQ-e1504097935418.jpg","width":600,"height":95,"caption":"cdq castelverde roma"},"image":{"@id":"https:\/\/cdqcastelverde.it\/#\/schema\/logo\/image\/"},"sameAs":["https:\/\/www.facebook.com\/cdqcastelverderoma\/"]}]}},"_links":{"self":[{"href":"https:\/\/cdqcastelverde.it\/index.php?rest_route=\/wp\/v2\/pages\/109","targetHints":{"allow":["GET"]}}],"collection":[{"href":"https:\/\/cdqcastelverde.it\/index.php?rest_route=\/wp\/v2\/pages"}],"about":[{"href":"https:\/\/cdqcastelverde.it\/index.php?rest_route=\/wp\/v2\/types\/page"}],"author":[{"embeddable":true,"href":"https:\/\/cdqcastelverde.it\/index.php?rest_route=\/wp\/v2\/users\/6"}],"replies":[{"embeddable":true,"href":"https:\/\/cdqcastelverde.it\/index.php?rest_route=%2Fwp%2Fv2%2Fcomments&post=109"}],"version-history":[{"count":16,"href":"https:\/\/cdqcastelverde.it\/index.php?rest_route=\/wp\/v2\/pages\/109\/revisions"}],"predecessor-version":[{"id":6045,"href":"https:\/\/cdqcastelverde.it\/index.php?rest_route=\/wp\/v2\/pages\/109\/revisions\/6045"}],"wp:attachment":[{"href":"https:\/\/cdqcastelverde.it\/index.php?rest_route=%2Fwp%2Fv2%2Fmedia&parent=109"}],"curies":[{"name":"wp","href":"https:\/\/api.w.org\/{rel}","templated":true}]}}