{"id":66,"date":"2017-07-19T20:48:18","date_gmt":"2017-07-19T20:48:18","guid":{"rendered":"http:\/\/www.cdqcastelverde.it\/?page_id=66"},"modified":"2024-10-23T23:27:36","modified_gmt":"2024-10-23T21:27:36","slug":"la-storia-di-castelverde","status":"publish","type":"page","link":"https:\/\/cdqcastelverde.it\/?page_id=66","title":{"rendered":"La storia di Castelverde"},"content":{"rendered":"<h1 style=\"text-align: left;\"><span style=\"font-family: helvetica, arial, sans-serif;\">Il borgo rurale di marchigiani doc Castelverde idea di Paolo VI<\/span><\/h1>\n<p><span style=\"font-family: helvetica, arial, sans-serif;\">C&#8217; \u00e8 gente che conosce a menadito la raggiera delle strade consolari; gente che sa elencare a memoria e nell&#8217; ordine giusto tutti i quartieri dell&#8217; Aurelia o della Tuscolana, gente che ha trascorso un&#8217; intera vita a Roma &#8211; e che tuttavia di Castelverde ignora, non dico la posizione, ma perfino il nome. Per raggiungerlo, chi sceglie la Prenestina deve andare a frugare gi\u00f9 in fondo a quella pista da bob della Collatina, oppure deviare sullo strano gomito da cui si dirama la Polense. A chi preferisce la Tiburtina tocca perdersi tra i prati e i casali meravigliosi di via della Tenuta del Cavaliere, e alla fine divincolarsi sotto l&#8217; arco del castello di Lunghezza come tra le gambe di un buttafuori. Anche chi ha fretta e imbocca l&#8217; autostrada Roma-L&#8217; Aquila, uscendo a Lunghezza ha ancora davanti una bella corsa tra i maneggi appena a nord di Corcolle. Insomma, Castelverde \u00e8 un quartiere dove \u00e8 difficile capitare di passaggio. Bisogna andare a cercarlo, e anche se fa parte del comune di Roma (a questo i castelverdini giustamente ci tengono) conserva sempre qualcosa di gradevolmente rurale. Nel &#8220;Tuttocitt\u00e0&#8221; delle Pagine Gialle ci \u00e8 entrato solo da qualche anno; e a volte, arrivandoci di sera, all&#8217; ultima curva ho visto sgusciarmi di sotto i pneumatici una volpe. Dovevano essercene molte di pi\u00f9, di volpi, quando qui c&#8217; erano solo due marane, il Fosso della Lunghezzina e il Fosso dell&#8217; Osa, che dalle rovine dell&#8217; antica Gabii (lungo la Prenestina) andavano a versarsi nell&#8217; Aniene vicino al castello di Lunghezza. Il castello \u00e8 una presenza imponente, remota, sul conto della quale si potrebbero raccontare tante storie. Ma non ci si deve fare distrarre, Lunghezza \u00e8 una cosa, Castelverde un&#8217; altra: ha una storia pi\u00f9 fresca e agitata, altri materiali, un altro sapore, e prende nome da un altro castello. Oggi che la popolazione diventa sempre pi\u00f9 mista, si comincia a dimenticare che Castelverde era in origine una vera e propria colonia delle Marche (anzi, di alcuni piccoli centri marchigiani) a Roma. Nel secondo dopoguerra l&#8217; inurbamento dei marchigiani funzionava un po&#8217; come oggi l&#8217; immigrazione peruviana o cinese: si spostavano prima coloro che sono in grado di lavorare; poi arrivano le mogli (o i mariti) e i figli; poi, con un rapido tam-tam, fratelli, sorelle, cugini &#8211; e, spesso ultimi, i genitori. Allora come oggi, per tenere buona la nostalgia si cucinavano i piatti della propria terra, il fric\u00f2 o i maltagliati, di domenica i vincisgrassi e la faraona. E per sfamare le famiglie (in questa Roma che non \u00e8 mai stata troppo morbida con i marchigiani) si lavorava moltissimo, in primo luogo nei cantieri. Erano gli anni del grande espansionismo edilizio. Molti operai dedicavano i fine settimana a costruirsi la casa: buona parte di Castelverde \u00e8 sorta cos\u00ec, tirata su dai suoi abitanti, in condizioni di abusivismo quasi obbligato. La maggiore responsabilit\u00e0 \u00e8 di chi ha preferito ignorare che il boom economico produceva, oltre che nuovi redditi e beni, nuovi bisogni. Comunque oggi i condoni hanno grosso modo legittimato la situazione di quella che risultava essere, nel 1978, la pi\u00f9 grande area residenziale abusiva del Comune di Roma (ben 279 ettari). La vastit\u00e0 pu\u00f2 essere interpretata in senso positivo. L&#8217; edilizia castelverdina \u00e8 semplice e di scarsa elevazione: non ci sono &#8220;formicai&#8221;. Le case si dispongono lungo una strada centrale, via Massa San Giuliano, che coincide con il crinale tra le due marane. Oltre il fosso dell&#8217; Osa, che \u00e8 un vero e proprio burrone, spicca lo skyline di Villaggio Prenestino, perfettamente simmetrico a quello di Castelverde: niente di pi\u00f9 facile che immaginare una storia d&#8217; amore tra un Romeo villagese e una Giulietta castelverdina. Dietro il fosso della Lunghezzina spunta Corcolle, nome dolcemente liquido, e si vedono i nuovi mercati generali e i binari dei Tav. Alta sullo sfondo c&#8217; \u00e8 Tivoli, che sembra davvero una fetta di torta mimosa appoggiata sul davanzale di una finestra durante una festa di nozze. Le traverse della via principale, per un&#8217; ironia della sorte, hanno nomi tolti ai centri minori&#8230; degli Abruzzi, con qualche puntata addirittura in Molise. (Oltre Villaggio, si finisce in quello che chiamerei &#8220;il quartiere degli uomini di pace&#8221;, da Schweitzer a Aldo Capitani all&#8217; arcivescovo Romero; mentre attraversando la Prenestina ci si ritrova in piena Sardegna). L&#8217; unica eccezione a questa legge dei nomi sta in pieno centro (cio\u00e8 accanto allo slargo che ospita il bar Lorenzetti, il giornalaio, il supermercato e altri negozi). \u00e8 via Santa Maria di Loreto, che prende nome &#8211; un nome marchigiano! &#8211; dalla chiesa parrocchiale in cui sono stati battezzati, non solo parecchi castelverdini, ma anche il quartiere stesso. In origine, infatti, una fortezza in rovina detta &#8220;Castellaccio&#8221; aveva dato il suo nome alla zona. Si racconta che fu Paolo VI in visita qui nel 1967 a esclamare: \u00abSi dovrebbe chiamarla Castelverde e non Castellaccio!\u00bb. Detto fatto, i parrocchiani si attivarono perch\u00e9 il nome venisse mutato. \u00e8 una bella storia, che contiene elementi profondi: l&#8217; ospite potente che porta in dono un&#8217; idea; i cittadini che spontaneamente lavorano per realizzarla; il guadagnarsi un nome dignitoso, il riconoscersi attraverso un nome. \u00e8 anche una storia verosimile, considerata la personalit\u00e0 di papa Montini &#8211; un pontefice colto, attento al linguaggio. Infine \u00e8 una storia che colpisce e provoca, perch\u00e9 si colloca in un quartiere che \u00e8 stato tra i pi\u00f9 \u00abrossi\u00bb di Roma. Ma tutta la storia di Castelverde, per quanto breve, ha questa qualit\u00e0 combattiva e vagamente mitologica. Sembra che ogni macigno della storia d&#8217; Italia abbia lasciato una scaglia in questa comunit\u00e0 minima. L&#8217; Italia rurale, con la cooperativa contadina dei primissimi castelverdini (quando Villaggio si chiamava ancora semplicemente \u00abl&#8217; Ovile\u00bb); e poi l&#8217; Italia industriale e tecnologica, con la nascita di aziende ormai in piena crescita come la Bricofer. L&#8217; Italia delle lotte per la giustizia sociale, con blocchi stradali per ottenere una scuola; ma anche l&#8217; Italia del disagio sociale, con blocchi stradali per far spostare uno dei primi campi nomadi. Perfino l&#8217; Italia del terrorismo (un covo Br fu scoperto nell&#8217; 88 proprio qui). E poi, come ho detto, l&#8217; Italia cattolica, con un convento e addirittura una suora in odore di santit\u00e0 (suor Dolores Barone, mancata di recente); l&#8217; Italia comunista, con una sezione del Pci attivissima; e anche la bella Italia che tiene in salotto (l&#8217; ho visto con i miei occhi) il busto di Lenin accanto al crocifisso. Per non parlare dell&#8217; Italia delle nuove fedi, come i Testimoni di Geova che hanno qui una comunit\u00e0 ampia e radicata. (E tollerante: da diversi anni un gruppo di Testimoni castelverdini invita regolarmente me e il mio compagno, che \u00e8 loro parente, a feste e matrimoni. Con un tacito rispetto che spesso non si trova tra i cattolici). Insomma, a mettersi a raccontare le storie, non si finirebbe pi\u00f9. Eppure sono solo pochi chilometri di palazzine, negozi, orti, e subito dietro la campagna. Quanta vita, a fermarsi in questo corridoio di case tranquille, che in macchina in tre minuti l&#8217; hai traversato.<\/span><\/p>\n<p><span style=\"font-family: helvetica, arial, sans-serif;\"><em class=\"author\">TOMMASO GIARTOSIO<\/em><\/span><\/p>\n<p>http:\/\/ricerca.repubblica.it\/repubblica\/archivio\/repubblica\/2002\/10\/16\/il-borgo-rurale-di-marchigiani-doc-castelverde.html<\/p>\n<p>&nbsp;<\/p>\n\n\n<p><\/p>\n","protected":false},"excerpt":{"rendered":"<p>Il borgo rurale di marchigiani doc Castelverde idea di Paolo VI C&#8217; \u00e8 gente che conosce a menadito la raggiera delle strade consolari; gente che sa elencare a memoria e nell&#8217; ordine giusto tutti i quartieri dell&#8217; Aurelia o della Tuscolana, gente che ha trascorso un&#8217; intera vita a Roma &#8211; e che tuttavia di [&hellip;]<\/p>\n","protected":false},"author":6,"featured_media":0,"parent":0,"menu_order":0,"comment_status":"closed","ping_status":"closed","template":"","meta":{"footnotes":""},"class_list":["post-66","page","type-page","status-publish","hentry","entry"],"yoast_head":"<!-- This site is optimized with the Yoast SEO plugin v27.3 - https:\/\/yoast.com\/product\/yoast-seo-wordpress\/ -->\n<title>La storia di Castelverde - Comitato di Quartiere di Castelverde Roma<\/title>\n<meta name=\"robots\" content=\"index, follow, max-snippet:-1, max-image-preview:large, max-video-preview:-1\" \/>\n<link rel=\"canonical\" href=\"https:\/\/cdqcastelverde.it\/?page_id=66\" \/>\n<meta property=\"og:locale\" content=\"it_IT\" \/>\n<meta property=\"og:type\" content=\"article\" \/>\n<meta property=\"og:title\" content=\"La storia di Castelverde - Comitato di Quartiere di Castelverde Roma\" \/>\n<meta property=\"og:description\" content=\"Il borgo rurale di marchigiani doc Castelverde idea di Paolo VI C&#8217; \u00e8 gente che conosce a menadito la raggiera delle strade consolari; gente che sa elencare a memoria e nell&#8217; ordine giusto tutti i quartieri dell&#8217; Aurelia o della Tuscolana, gente che ha trascorso un&#8217; intera vita a Roma &#8211; e che tuttavia di [&hellip;]\" \/>\n<meta property=\"og:url\" content=\"https:\/\/cdqcastelverde.it\/?page_id=66\" \/>\n<meta property=\"og:site_name\" content=\"Comitato di Quartiere di Castelverde Roma\" \/>\n<meta property=\"article:publisher\" content=\"https:\/\/www.facebook.com\/cdqcastelverderoma\/\" \/>\n<meta property=\"article:modified_time\" content=\"2024-10-23T21:27:36+00:00\" \/>\n<meta name=\"twitter:card\" content=\"summary_large_image\" \/>\n<meta name=\"twitter:label1\" content=\"Tempo di lettura stimato\" \/>\n\t<meta name=\"twitter:data1\" content=\"6 minuti\" \/>\n<script type=\"application\/ld+json\" class=\"yoast-schema-graph\">{\"@context\":\"https:\\\/\\\/schema.org\",\"@graph\":[{\"@type\":\"WebPage\",\"@id\":\"https:\\\/\\\/cdqcastelverde.it\\\/?page_id=66\",\"url\":\"https:\\\/\\\/cdqcastelverde.it\\\/?page_id=66\",\"name\":\"La storia di Castelverde - Comitato di Quartiere di Castelverde Roma\",\"isPartOf\":{\"@id\":\"https:\\\/\\\/cdqcastelverde.it\\\/#website\"},\"datePublished\":\"2017-07-19T20:48:18+00:00\",\"dateModified\":\"2024-10-23T21:27:36+00:00\",\"breadcrumb\":{\"@id\":\"https:\\\/\\\/cdqcastelverde.it\\\/?page_id=66#breadcrumb\"},\"inLanguage\":\"it-IT\",\"potentialAction\":[{\"@type\":\"ReadAction\",\"target\":[\"https:\\\/\\\/cdqcastelverde.it\\\/?page_id=66\"]}]},{\"@type\":\"BreadcrumbList\",\"@id\":\"https:\\\/\\\/cdqcastelverde.it\\\/?page_id=66#breadcrumb\",\"itemListElement\":[{\"@type\":\"ListItem\",\"position\":1,\"name\":\"Home\",\"item\":\"https:\\\/\\\/cdqcastelverde.it\\\/\"},{\"@type\":\"ListItem\",\"position\":2,\"name\":\"La storia di Castelverde\"}]},{\"@type\":\"WebSite\",\"@id\":\"https:\\\/\\\/cdqcastelverde.it\\\/#website\",\"url\":\"https:\\\/\\\/cdqcastelverde.it\\\/\",\"name\":\"Comitato di quartiere (CdQ) Castelverde di Roma\",\"description\":\"\",\"publisher\":{\"@id\":\"https:\\\/\\\/cdqcastelverde.it\\\/#organization\"},\"potentialAction\":[{\"@type\":\"SearchAction\",\"target\":{\"@type\":\"EntryPoint\",\"urlTemplate\":\"https:\\\/\\\/cdqcastelverde.it\\\/?s={search_term_string}\"},\"query-input\":{\"@type\":\"PropertyValueSpecification\",\"valueRequired\":true,\"valueName\":\"search_term_string\"}}],\"inLanguage\":\"it-IT\"},{\"@type\":\"Organization\",\"@id\":\"https:\\\/\\\/cdqcastelverde.it\\\/#organization\",\"name\":\"cdq castelverde roma\",\"url\":\"https:\\\/\\\/cdqcastelverde.it\\\/\",\"logo\":{\"@type\":\"ImageObject\",\"inLanguage\":\"it-IT\",\"@id\":\"https:\\\/\\\/cdqcastelverde.it\\\/#\\\/schema\\\/logo\\\/image\\\/\",\"url\":\"https:\\\/\\\/www.cdqcastelverde.it\\\/wp-content\\\/uploads\\\/2017\\\/07\\\/logo-CDQ-e1504097935418.jpg\",\"contentUrl\":\"https:\\\/\\\/www.cdqcastelverde.it\\\/wp-content\\\/uploads\\\/2017\\\/07\\\/logo-CDQ-e1504097935418.jpg\",\"width\":600,\"height\":95,\"caption\":\"cdq castelverde roma\"},\"image\":{\"@id\":\"https:\\\/\\\/cdqcastelverde.it\\\/#\\\/schema\\\/logo\\\/image\\\/\"},\"sameAs\":[\"https:\\\/\\\/www.facebook.com\\\/cdqcastelverderoma\\\/\"]}]}<\/script>\n<!-- \/ Yoast SEO plugin. -->","yoast_head_json":{"title":"La storia di Castelverde - Comitato di Quartiere di Castelverde Roma","robots":{"index":"index","follow":"follow","max-snippet":"max-snippet:-1","max-image-preview":"max-image-preview:large","max-video-preview":"max-video-preview:-1"},"canonical":"https:\/\/cdqcastelverde.it\/?page_id=66","og_locale":"it_IT","og_type":"article","og_title":"La storia di Castelverde - Comitato di Quartiere di Castelverde Roma","og_description":"Il borgo rurale di marchigiani doc Castelverde idea di Paolo VI C&#8217; \u00e8 gente che conosce a menadito la raggiera delle strade consolari; gente che sa elencare a memoria e nell&#8217; ordine giusto tutti i quartieri dell&#8217; Aurelia o della Tuscolana, gente che ha trascorso un&#8217; intera vita a Roma &#8211; e che tuttavia di [&hellip;]","og_url":"https:\/\/cdqcastelverde.it\/?page_id=66","og_site_name":"Comitato di Quartiere di Castelverde Roma","article_publisher":"https:\/\/www.facebook.com\/cdqcastelverderoma\/","article_modified_time":"2024-10-23T21:27:36+00:00","twitter_card":"summary_large_image","twitter_misc":{"Tempo di lettura stimato":"6 minuti"},"schema":{"@context":"https:\/\/schema.org","@graph":[{"@type":"WebPage","@id":"https:\/\/cdqcastelverde.it\/?page_id=66","url":"https:\/\/cdqcastelverde.it\/?page_id=66","name":"La storia di Castelverde - Comitato di Quartiere di Castelverde Roma","isPartOf":{"@id":"https:\/\/cdqcastelverde.it\/#website"},"datePublished":"2017-07-19T20:48:18+00:00","dateModified":"2024-10-23T21:27:36+00:00","breadcrumb":{"@id":"https:\/\/cdqcastelverde.it\/?page_id=66#breadcrumb"},"inLanguage":"it-IT","potentialAction":[{"@type":"ReadAction","target":["https:\/\/cdqcastelverde.it\/?page_id=66"]}]},{"@type":"BreadcrumbList","@id":"https:\/\/cdqcastelverde.it\/?page_id=66#breadcrumb","itemListElement":[{"@type":"ListItem","position":1,"name":"Home","item":"https:\/\/cdqcastelverde.it\/"},{"@type":"ListItem","position":2,"name":"La storia di Castelverde"}]},{"@type":"WebSite","@id":"https:\/\/cdqcastelverde.it\/#website","url":"https:\/\/cdqcastelverde.it\/","name":"Comitato di quartiere (CdQ) Castelverde di Roma","description":"","publisher":{"@id":"https:\/\/cdqcastelverde.it\/#organization"},"potentialAction":[{"@type":"SearchAction","target":{"@type":"EntryPoint","urlTemplate":"https:\/\/cdqcastelverde.it\/?s={search_term_string}"},"query-input":{"@type":"PropertyValueSpecification","valueRequired":true,"valueName":"search_term_string"}}],"inLanguage":"it-IT"},{"@type":"Organization","@id":"https:\/\/cdqcastelverde.it\/#organization","name":"cdq castelverde roma","url":"https:\/\/cdqcastelverde.it\/","logo":{"@type":"ImageObject","inLanguage":"it-IT","@id":"https:\/\/cdqcastelverde.it\/#\/schema\/logo\/image\/","url":"https:\/\/www.cdqcastelverde.it\/wp-content\/uploads\/2017\/07\/logo-CDQ-e1504097935418.jpg","contentUrl":"https:\/\/www.cdqcastelverde.it\/wp-content\/uploads\/2017\/07\/logo-CDQ-e1504097935418.jpg","width":600,"height":95,"caption":"cdq castelverde roma"},"image":{"@id":"https:\/\/cdqcastelverde.it\/#\/schema\/logo\/image\/"},"sameAs":["https:\/\/www.facebook.com\/cdqcastelverderoma\/"]}]}},"_links":{"self":[{"href":"https:\/\/cdqcastelverde.it\/index.php?rest_route=\/wp\/v2\/pages\/66","targetHints":{"allow":["GET"]}}],"collection":[{"href":"https:\/\/cdqcastelverde.it\/index.php?rest_route=\/wp\/v2\/pages"}],"about":[{"href":"https:\/\/cdqcastelverde.it\/index.php?rest_route=\/wp\/v2\/types\/page"}],"author":[{"embeddable":true,"href":"https:\/\/cdqcastelverde.it\/index.php?rest_route=\/wp\/v2\/users\/6"}],"replies":[{"embeddable":true,"href":"https:\/\/cdqcastelverde.it\/index.php?rest_route=%2Fwp%2Fv2%2Fcomments&post=66"}],"version-history":[{"count":2,"href":"https:\/\/cdqcastelverde.it\/index.php?rest_route=\/wp\/v2\/pages\/66\/revisions"}],"predecessor-version":[{"id":4595,"href":"https:\/\/cdqcastelverde.it\/index.php?rest_route=\/wp\/v2\/pages\/66\/revisions\/4595"}],"wp:attachment":[{"href":"https:\/\/cdqcastelverde.it\/index.php?rest_route=%2Fwp%2Fv2%2Fmedia&parent=66"}],"curies":[{"name":"wp","href":"https:\/\/api.w.org\/{rel}","templated":true}]}}